{"id":8,"date":"2018-11-08T19:20:16","date_gmt":"2018-11-08T19:20:16","guid":{"rendered":"http:\/\/mariachidepereira.com\/?page_id=2"},"modified":"2026-02-26T22:14:04","modified_gmt":"2026-02-26T22:14:04","slug":"inicio","status":"publish","type":"page","link":"https:\/\/patologiaintegral.com\/","title":{"rendered":"Inicio"},"content":{"rendered":"<p>[vc_row full_width=\u00bbstretch_row\u00bb content_placement=\u00bbmiddle\u00bb el_id=\u00bbquienes-somos\u00bb css=\u00bb.vc_custom_1745859044543{margin-top: -70px !important;background-color: #81d742 !important;}\u00bb][vc_column width=\u00bb1\/2&#8243;][vc_column_text]<\/p>\n<h3>QUIENES SOMOS<\/h3>\n<p style=\"text-align: justify;\">El laboratorio patolog\u00eda integral es una instituci\u00f3n prestadora de servicios de salud en patolog\u00eda y citolog\u00eda ubicada en la <strong>CLINICA EL ROSARIO<\/strong> sede el tesoro. Pone a disposici\u00f3n los servicios para procesamiento, estudio y diagn\u00f3stico en anatom\u00eda patol\u00f3gica.<\/p>\n<p>[\/vc_column_text][\/vc_column][vc_column width=\u00bb1\/2&#8243;][vc_column_text]<img loading=\"lazy\" decoding=\"async\" class=\"aligncenter size-full wp-image-20\" src=\"https:\/\/patologiaintegral.com\/wp-content\/uploads\/2025\/04\/csdvs.jpg\" alt=\"\" width=\"768\" height=\"512\" srcset=\"https:\/\/patologiaintegral.com\/wp-content\/uploads\/2025\/04\/csdvs.jpg 768w, https:\/\/patologiaintegral.com\/wp-content\/uploads\/2025\/04\/csdvs-300x200.jpg 300w\" sizes=\"auto, (max-width: 768px) 100vw, 768px\" \/>[\/vc_column_text][\/vc_column][\/vc_row][vc_row content_placement=\u00bbmiddle\u00bb el_id=\u00bbnuestros-servicios\u00bb][vc_column width=\u00bb1\/2&#8243;][vc_column_text]<\/p>\n<h3 style=\"text-align: center;\">NUESTROS SERVICIOS<\/h3>\n<ul>\n<li>Procesamiento de biopsias simples y de espec\u00edmenes con y sin disecci\u00f3n ganglionar.<\/li>\n<li>Biopsias por congelaci\u00f3n (consultas intraoperatorias).<\/li>\n<li>Estudio de ganglio centinela<\/li>\n<li>Toma y lectura de citolog\u00edas cervico-uterina<\/li>\n<li>Estudio de citolog\u00eda de l\u00edquidos corporales<\/li>\n<li>Coloraciones especiales de histoqu\u00edmica.<\/li>\n<li>Coloraciones de inmunohistoqu\u00edmica.<\/li>\n<li>Estudios Moleculares.<\/li>\n<\/ul>\n<ul>\n<li>Servicio de microscop\u00eda electr\u00f3nica e inmunofluorescencia en los casos indicados.<\/li>\n<li>Interconsulta con centros especializados nacionales e internacionales.<\/li>\n<li>Hemato-oncol\u00f3gica (Citometria de flujo y biopsia de medula \u00f3sea).<\/li>\n<\/ul>\n<p>[\/vc_column_text][\/vc_column][vc_column width=\u00bb1\/2&#8243;][vc_column_text]<img loading=\"lazy\" decoding=\"async\" class=\"aligncenter size-full wp-image-22\" src=\"https:\/\/patologiaintegral.com\/wp-content\/uploads\/2025\/04\/dcavsrb.png\" alt=\"\" width=\"754\" height=\"624\" srcset=\"https:\/\/patologiaintegral.com\/wp-content\/uploads\/2025\/04\/dcavsrb.png 754w, https:\/\/patologiaintegral.com\/wp-content\/uploads\/2025\/04\/dcavsrb-300x248.png 300w\" sizes=\"auto, (max-width: 754px) 100vw, 754px\" \/>[\/vc_column_text][\/vc_column][\/vc_row][vc_row full_width=\u00bbstretch_row\u00bb content_placement=\u00bbmiddle\u00bb css=\u00bb.vc_custom_1745941788126{background-color: #f7f7f7 !important;}\u00bb][vc_column width=\u00bb1\/2&#8243;][vc_gmaps link=\u00bb#E-8_JTNDaWZyYW1lJTIwc3JjJTNEJTIyaHR0cHMlM0ElMkYlMkZ3d3cuZ29vZ2xlLmNvbSUyRm1hcHMlMkZlbWJlZCUzRnBiJTNEJTIxMW0xOCUyMTFtMTIlMjExbTMlMjExZDYzNDYwLjcxNjkwNDU0OTAxJTIxMmQtNzUuNTk4MDc1NzA0MzUzOTIlMjEzZDYuMjI0ODA1MzgxMTk1MDQ4JTIxMm0zJTIxMWYwJTIxMmYwJTIxM2YwJTIxM20yJTIxMWkxMDI0JTIxMmk3NjglMjE0ZjEzLjElMjEzbTMlMjExbTIlMjExczB4OGU0NDI4ZjNkZWFiZGYwMyUyNTNBMHhjYWRjZmFmOTFhNTc2Y2Y4JTIxMnNDbGluaWNhJTI1MjBlbCUyNTIwUm9zYXJpbyUyMTVlMCUyMTNtMiUyMTFzZXMtNDE5JTIxMnNjbyUyMTR2MTc0NTg1ODYzMDA3OSUyMTVtMiUyMTFzZXMtNDE5JTIxMnNjbyUyMiUyMHdpZHRoJTNEJTIyNjAwJTIyJTIwaGVpZ2h0JTNEJTIyNDUwJTIyJTIwc3R5bGUlM0QlMjJib3JkZXIlM0EwJTNCJTIyJTIwYWxsb3dmdWxsc2NyZWVuJTNEJTIyJTIyJTIwbG9hZGluZyUzRCUyMmxhenklMjIlMjByZWZlcnJlcnBvbGljeSUzRCUyMm5vLXJlZmVycmVyLXdoZW4tZG93bmdyYWRlJTIyJTNFJTNDJTJGaWZyYW1lJTNF\u00bb size=\u00bb350&#8243;][\/vc_column][vc_column width=\u00bb1\/2&#8243;][vc_column_text]<\/p>\n<h1 style=\"text-align: center;\"><strong>Transparencia y acceso a la informaci\u00f3n<\/strong><\/h1>\n<h2 class=\"itemTitle\" style=\"text-align: center;\"><a href=\"https:\/\/patologiaintegral.com\/wp-content\/uploads\/2025\/04\/ESTADO-FINANCIERO-PATOLOGIA-INTEGRAL-2024.pdf\">ESTADO FINANCIERO PATOLOGIA INTEGRAL 2024<\/a><\/h2>\n<h2 class=\"itemTitle\"><a class=\"dt-pswp-item\" href=\"https:\/\/patologiaintegral.com\/wp-content\/uploads\/2025\/04\/transparencia-1024x566-1024x682-1.jpg\" data-dt-img-description=\"\" data-large_image_width=\"1024\" data-large_image_height=\"682\"><img loading=\"lazy\" decoding=\"async\" class=\"wp-image-48 aligncenter\" src=\"https:\/\/patologiaintegral.com\/wp-content\/uploads\/2025\/04\/transparencia-1024x566-1024x682-1-300x200.jpg\" alt=\"\" width=\"424\" height=\"283\" srcset=\"https:\/\/patologiaintegral.com\/wp-content\/uploads\/2025\/04\/transparencia-1024x566-1024x682-1-300x200.jpg 300w, https:\/\/patologiaintegral.com\/wp-content\/uploads\/2025\/04\/transparencia-1024x566-1024x682-1-768x512.jpg 768w, https:\/\/patologiaintegral.com\/wp-content\/uploads\/2025\/04\/transparencia-1024x566-1024x682-1.jpg 1024w\" sizes=\"auto, (max-width: 424px) 100vw, 424px\" \/><\/a><\/h2>\n<h3 class=\"itemTitle\" style=\"text-align: center;\"><\/h3>\n<p>[\/vc_column_text][\/vc_column][\/vc_row][vc_row full_width=\u00bbstretch_row\u00bb content_placement=\u00bbmiddle\u00bb el_id=\u00bbcontacto\u00bb css=\u00bb.vc_custom_1745941729706{background-color: #f4f4f4 !important;}\u00bb][vc_column width=\u00bb1\/2&#8243;][vc_column_text]<\/p>\n<h3 style=\"text-align: center;\">CONT\u00c1CTENOS<\/h3>\n<p>&nbsp;<\/p>\n<h3 style=\"text-align: center;\">Direcci\u00f3n<\/h3>\n<p style=\"text-align: center;\"><i class=\"fa fa-map-marker\" aria-hidden=\"true\"> Cra 20 # 2 sur 185\u00a0<\/i><\/p>\n<h3 style=\"text-align: center;\"><\/h3>\n<h3 style=\"text-align: center;\">Tel\u00e9fonos<\/h3>\n<p style=\"text-align: center;\">312 8504531<\/p>\n<p style=\"text-align: center;\">604 326 92 66<\/p>\n<h3 style=\"text-align: center;\">Email<\/h3>\n<p style=\"text-align: center;\">patologiaintegral@gmail.com<\/p>\n<p>[\/vc_column_text][\/vc_column][vc_column width=\u00bb1\/2&#8243;]\n<div class=\"wpcf7 no-js\" id=\"wpcf7-f14-o1\" lang=\"es-ES\" dir=\"ltr\" data-wpcf7-id=\"14\">\n<div class=\"screen-reader-response\"><p role=\"status\" aria-live=\"polite\" aria-atomic=\"true\"><\/p> <ul><\/ul><\/div>\n<form action=\"\/index.php\/wp-json\/wp\/v2\/pages\/8#wpcf7-f14-o1\" method=\"post\" class=\"wpcf7-form init\" aria-label=\"Formulario de contacto\" novalidate=\"novalidate\" data-status=\"init\">\n<fieldset class=\"hidden-fields-container\"><input type=\"hidden\" name=\"_wpcf7\" value=\"14\" \/><input type=\"hidden\" name=\"_wpcf7_version\" value=\"6.1.5\" \/><input type=\"hidden\" name=\"_wpcf7_locale\" value=\"es_ES\" \/><input type=\"hidden\" name=\"_wpcf7_unit_tag\" value=\"wpcf7-f14-o1\" \/><input type=\"hidden\" name=\"_wpcf7_container_post\" value=\"0\" \/><input type=\"hidden\" name=\"_wpcf7_posted_data_hash\" value=\"\" \/>\n<\/fieldset>\n<p><label> Tu nombre<br \/>\n<span class=\"wpcf7-form-control-wrap\" data-name=\"your-name\"><input size=\"40\" maxlength=\"400\" class=\"wpcf7-form-control wpcf7-text wpcf7-validates-as-required\" autocomplete=\"name\" aria-required=\"true\" aria-invalid=\"false\" value=\"\" type=\"text\" name=\"your-name\" \/><\/span> <\/label>\n<\/p>\n<p><label> Tu correo electr\u00f3nico<br \/>\n<span class=\"wpcf7-form-control-wrap\" data-name=\"your-email\"><input size=\"40\" maxlength=\"400\" class=\"wpcf7-form-control wpcf7-email wpcf7-validates-as-required wpcf7-text wpcf7-validates-as-email\" autocomplete=\"email\" aria-required=\"true\" aria-invalid=\"false\" value=\"\" type=\"email\" name=\"your-email\" \/><\/span> <\/label>\n<\/p>\n<p><label> Asunto<br \/>\n<span class=\"wpcf7-form-control-wrap\" data-name=\"your-subject\"><input size=\"40\" maxlength=\"400\" class=\"wpcf7-form-control wpcf7-text wpcf7-validates-as-required\" aria-required=\"true\" aria-invalid=\"false\" value=\"\" type=\"text\" name=\"your-subject\" \/><\/span> <\/label>\n<\/p>\n<p><label> Tu mensaje (opcional)<br \/>\n<span class=\"wpcf7-form-control-wrap\" data-name=\"your-message\"><textarea cols=\"40\" rows=\"10\" maxlength=\"2000\" class=\"wpcf7-form-control wpcf7-textarea\" aria-invalid=\"false\" name=\"your-message\"><\/textarea><\/span> <\/label>\n<\/p>\n<p><input class=\"wpcf7-form-control wpcf7-submit has-spinner\" type=\"submit\" value=\"Enviar\" \/>\n<\/p><div class=\"wpcf7-response-output\" aria-hidden=\"true\"><\/div>\n<\/form>\n<\/div>\n[vc_column_text]<\/p>\n<p style=\"text-align: center;\"><strong>POL\u00cdTICA DE TRATAMIENTO DE DATOS PERSONALES<\/strong><\/p>\n<p style=\"text-align: center;\"><strong>LABORATORIO DE PATOLOG\u00cdA INTEGRAL S.A.S<\/strong><\/p>\n<ol>\n<li><strong> OBJETIVO<\/strong><\/li>\n<\/ol>\n<p>Establecer los lineamientos para la recolecci\u00f3n, almacenamiento, uso, circulaci\u00f3n, supresi\u00f3n y protecci\u00f3n de los datos personales tratados por la IPS Patolog\u00eda Integral, garantizando el cumplimiento de la normatividad vigente y la protecci\u00f3n de los derechos de los titulares de la informaci\u00f3n.<\/p>\n<ol start=\"2\">\n<li><strong> ALCANCE<\/strong><\/li>\n<\/ol>\n<p>Aplica a todos los datos personales recolectados y tratados por la IPS Patolog\u00eda Integral en el desarrollo de sus actividades asistenciales, administrativas, contractuales y comerciales, incluyendo pacientes, colaboradores, proveedores y terceros relacionados.<\/p>\n<ol start=\"3\">\n<li><strong> MARCO NORMATIVO<\/strong><\/li>\n<\/ol>\n<p>La presente pol\u00edtica se fundamenta en:<\/p>\n<p>Constituci\u00f3n Pol\u00edtica de Colombia (Art\u00edculo 15).<\/p>\n<p>Ley 1581 de 2012.<\/p>\n<p>Decreto 1377 de 2013.<\/p>\n<p>Decreto 1074 de 2015.<\/p>\n<p>Normas concordantes y complementarias sobre protecci\u00f3n de datos personales en Colombia.<\/p>\n<ol start=\"4\">\n<li><strong> DEFINICIONES<\/strong><\/li>\n<\/ol>\n<p>Para efectos del presente documento se tendr\u00e1n en cuenta las definiciones establecidas en la Ley 1581 de 2012, especialmente:<\/p>\n<p>Dato personal: Cualquier informaci\u00f3n vinculada o que pueda asociarse a una persona natural determinada o determinable.<\/p>\n<p>Dato sensible: Informaci\u00f3n que afecta la intimidad del titular, como datos relacionados con la salud.<\/p>\n<p>Titular: Persona natural cuyos datos personales son objeto de tratamiento.<\/p>\n<p>Tratamiento: Cualquier operaci\u00f3n realizada sobre datos personales.<\/p>\n<ol start=\"5\">\n<li><strong> RESPONSABLE DEL TRATAMIENTO<\/strong><\/li>\n<\/ol>\n<p><strong>Raz\u00f3n Social:<\/strong> Patolog\u00eda Integral S.A.S.<\/p>\n<p><strong>NIT:<\/strong> 900045393-8<\/p>\n<p><strong>Domicilio: <\/strong>CRA 20 # 2 SUR 185 S\u00d3TANO -1<\/p>\n<p><strong>Correo electr\u00f3nico:<\/strong> <a href=\"mailto:patologiaintegral@gmail.com\">patologiaintegral@gmail.com<\/a><\/p>\n<p><strong>Tel: 604 326 92 66<\/strong><\/p>\n<p><strong>Cel: 312 850 4531<\/strong><\/p>\n<p>&nbsp;<\/p>\n<p>La IPS act\u00faa como responsable del tratamiento de los datos personales recolectados en el ejercicio de sus funciones.<\/p>\n<ol start=\"6\">\n<li><strong> FINALIDAD DEL TRATAMIENTO<\/strong><\/li>\n<\/ol>\n<p>Los datos personales ser\u00e1n utilizados para:<\/p>\n<p>6.1 Pacientes<\/p>\n<p>Prestaci\u00f3n de servicios de salud en patolog\u00eda y apoyo diagn\u00f3stico.<\/p>\n<p>Elaboraci\u00f3n y entrega de resultados.<\/p>\n<p>Facturaci\u00f3n y procesos administrativos asociados.<\/p>\n<p>Reportes obligatorios ante entes de control.<\/p>\n<p>Gesti\u00f3n de calidad, auditor\u00edas internas y externas.<\/p>\n<p>6.2 Talento humano<\/p>\n<p>Procesos de selecci\u00f3n, contrataci\u00f3n y vinculaci\u00f3n.<\/p>\n<p>Cumplimiento de obligaciones laborales y de seguridad social.<\/p>\n<p>Evaluaciones de desempe\u00f1o y procesos disciplinarios.<\/p>\n<p>6.3 Proveedores y contratistas<\/p>\n<p>Gesti\u00f3n contractual, contable y financiera.<\/p>\n<p>Cumplimiento de obligaciones legales y tributarias.<\/p>\n<ol start=\"7\">\n<li><strong> DERECHOS DEL TITULAR<\/strong><\/li>\n<\/ol>\n<p>El titular de los datos personales tiene derecho a:<\/p>\n<p>Conocer, actualizar y rectificar sus datos.<\/p>\n<p>Solicitar prueba de la autorizaci\u00f3n otorgada.<\/p>\n<p>Ser informado sobre el uso dado a sus datos.<\/p>\n<p>Presentar quejas ante la Superintendencia de Industria y Comercio.<\/p>\n<p>Revocar la autorizaci\u00f3n y\/o solicitar la supresi\u00f3n del dato cuando sea procedente.<\/p>\n<p>Acceder en forma gratuita a sus datos personales.<\/p>\n<ol start=\"8\">\n<li>AUTORIZACI\u00d3N<\/li>\n<\/ol>\n<p>La IPS solicitar\u00e1 autorizaci\u00f3n previa, expresa e informada del titular para el tratamiento de datos personales, excepto en los casos previstos por la ley.<\/p>\n<p>En el caso de datos sensibles relacionados con la salud, su tratamiento se realizar\u00e1 exclusivamente para la prestaci\u00f3n del servicio asistencial y en cumplimiento de la normatividad vigente del sector salud.<\/p>\n<ol start=\"9\">\n<li><strong> PROCEDIMIENTO PARA CONSULTAS Y RECLAMOS<\/strong><\/li>\n<\/ol>\n<p><strong>9.1 Consultas<\/strong><\/p>\n<p>El titular podr\u00e1 realizar consultas sobre sus datos mediante solicitud escrita al correo institucional.<\/p>\n<p>La IPS dar\u00e1 respuesta en un t\u00e9rmino m\u00e1ximo de diez (10) d\u00edas h\u00e1biles.<\/p>\n<p>9.2 Reclamos<\/p>\n<p>Cuando el titular considere que la informaci\u00f3n debe ser corregida, actualizada o suprimida, podr\u00e1 presentar reclamo.<\/p>\n<p>La IPS responder\u00e1 dentro de los quince (15) d\u00edas h\u00e1biles siguientes a su recepci\u00f3n.<\/p>\n<ol start=\"10\">\n<li>MEDIDAS DE SEGURIDAD<\/li>\n<\/ol>\n<p>La IPS Patolog\u00eda Integral implementa medidas t\u00e9cnicas, humanas y administrativas para:<\/p>\n<p>Garantizar la confidencialidad de la informaci\u00f3n cl\u00ednica.<\/p>\n<p>Evitar adulteraci\u00f3n, p\u00e9rdida o acceso no autorizado.<\/p>\n<p>Controlar el acceso a historias cl\u00ednicas y resultados diagn\u00f3sticos.<\/p>\n<p>Realizar copias de seguridad peri\u00f3dicas.<\/p>\n<p>Restringir el acceso a sistemas de informaci\u00f3n mediante usuarios y contrase\u00f1as.<\/p>\n<ol start=\"11\">\n<li>TRANSFERENCIA Y TRANSMISI\u00d3N DE DATOS<\/li>\n<\/ol>\n<p>La IPS Patolog\u00eda Integral podr\u00e1 transferir o transmitir datos personales a terceros cuando sea necesario para:<\/p>\n<p>Cumplimiento de obligaciones legales ante entidades de control y vigilancia.<\/p>\n<p>Procesos de facturaci\u00f3n y auditor\u00eda con aseguradores.<\/p>\n<p>Apoyo tecnol\u00f3gico (software cl\u00ednico, almacenamiento en la nube, soporte t\u00e9cnico).<\/p>\n<p>Procesamiento de informaci\u00f3n por parte de encargados del tratamiento debidamente autorizados.<\/p>\n<p>En todos los casos, se suscribir\u00e1n acuerdos de confidencialidad y se garantizar\u00e1 el cumplimiento de la normatividad vigente en protecci\u00f3n de datos.<\/p>\n<ol start=\"12\">\n<li>TRATAMIENTO DE DATOS SENSIBLES<\/li>\n<\/ol>\n<p>El tratamiento de datos sensibles, especialmente los relacionados con la salud, se realizar\u00e1 exclusivamente para la prestaci\u00f3n de servicios asistenciales y en cumplimiento de obligaciones legales del sector salud.<\/p>\n<p>La IPS garantiza:<\/p>\n<p>Acceso restringido \u00fanicamente al personal autorizado.<\/p>\n<p>Custodia segura de historias cl\u00ednicas f\u00edsicas y digitales.<\/p>\n<p>Aplicaci\u00f3n de protocolos de confidencialidad y bioseguridad.<\/p>\n<ol start=\"13\">\n<li>TRATAMIENTO DE DATOS DE MENORES DE EDAD<\/li>\n<\/ol>\n<p>El tratamiento de datos personales de ni\u00f1os, ni\u00f1as y adolescentes se realizar\u00e1 respetando el inter\u00e9s superior del menor y sus derechos fundamentales, contando con la autorizaci\u00f3n del representante legal cuando sea requerida.<\/p>\n<ol start=\"14\">\n<li>DEBERES DE LA IPS COMO RESPONSABLE DEL TRATAMIENTO<\/li>\n<\/ol>\n<p>La IPS Patolog\u00eda Integral se compromete a:<\/p>\n<p>Garantizar al titular el pleno ejercicio de sus derechos.<\/p>\n<p>Conservar la informaci\u00f3n bajo condiciones de seguridad.<\/p>\n<p>Actualizar la informaci\u00f3n cuando sea necesario.<\/p>\n<p>Tramitar consultas y reclamos en los t\u00e9rminos legales.<\/p>\n<p>Informar a la autoridad competente cuando se presenten vulneraciones a la seguridad de los datos.<\/p>\n<ol start=\"15\">\n<li>VIGENCIA DE LA POL\u00cdTICA<\/li>\n<\/ol>\n<p>La presente pol\u00edtica rige a partir de su aprobaci\u00f3n y publicaci\u00f3n institucional.<\/p>\n<p>Los datos personales ser\u00e1n conservados durante el tiempo necesario para cumplir con la finalidad para la cual fueron recolectados y conforme a los t\u00e9rminos establecidos en la normatividad aplicable al sector salud.<\/p>\n<p><a href=\"https:\/\/patologiaintegral.com\/wp-content\/uploads\/2026\/02\/POLITICA-DE-TRATAMIENTO-DE-DATOS-PERSONALES_MANEJO-DE-DATOS.pdf\">POL\u00cdTICA DE TRATAMIENTO DE DATOS PERSONALES_MANEJO DE DATOS<\/a><\/p>\n<p>[\/vc_column_text][\/vc_column][\/vc_row]<\/p>\n","protected":false},"excerpt":{"rendered":"<p>[vc_row full_width=\u00bbstretch_row\u00bb content_placement=\u00bbmiddle\u00bb el_id=\u00bbquienes-somos\u00bb css=\u00bb.vc_custom_1745859044543{margin-top: -70px !important;background-color: #81d742 !important;}\u00bb][vc_column width=\u00bb1\/2&#8243;][vc_column_text] QUIENES SOMOS El laboratorio patolog\u00eda integral es una instituci\u00f3n prestadora de servicios de salud en patolog\u00eda y citolog\u00eda ubicada en la CLINICA EL ROSARIO sede el tesoro. Pone a disposici\u00f3n los servicios para procesamiento, estudio y diagn\u00f3stico en anatom\u00eda patol\u00f3gica. [\/vc_column_text][\/vc_column][vc_column width=\u00bb1\/2&#8243;][vc_column_text][\/vc_column_text][\/vc_column][\/vc_row][vc_row content_placement=\u00bbmiddle\u00bb el_id=\u00bbnuestros-servicios\u00bb][vc_column width=\u00bb1\/2&#8243;][vc_column_text]&hellip;<\/p>\n","protected":false},"author":1,"featured_media":0,"parent":0,"menu_order":0,"comment_status":"closed","ping_status":"closed","template":"","meta":[],"class_list":["post-8","page","type-page","status-publish","hentry","description-off"],"_links":{"self":[{"href":"https:\/\/patologiaintegral.com\/index.php\/wp-json\/wp\/v2\/pages\/8","targetHints":{"allow":["GET"]}}],"collection":[{"href":"https:\/\/patologiaintegral.com\/index.php\/wp-json\/wp\/v2\/pages"}],"about":[{"href":"https:\/\/patologiaintegral.com\/index.php\/wp-json\/wp\/v2\/types\/page"}],"author":[{"embeddable":true,"href":"https:\/\/patologiaintegral.com\/index.php\/wp-json\/wp\/v2\/users\/1"}],"replies":[{"embeddable":true,"href":"https:\/\/patologiaintegral.com\/index.php\/wp-json\/wp\/v2\/comments?post=8"}],"version-history":[{"count":37,"href":"https:\/\/patologiaintegral.com\/index.php\/wp-json\/wp\/v2\/pages\/8\/revisions"}],"predecessor-version":[{"id":74,"href":"https:\/\/patologiaintegral.com\/index.php\/wp-json\/wp\/v2\/pages\/8\/revisions\/74"}],"wp:attachment":[{"href":"https:\/\/patologiaintegral.com\/index.php\/wp-json\/wp\/v2\/media?parent=8"}],"curies":[{"name":"wp","href":"https:\/\/api.w.org\/{rel}","templated":true}]}}